{"id":275,"date":"2026-01-27T13:28:35","date_gmt":"2026-01-27T12:28:35","guid":{"rendered":"http:\/\/hariadna.net\/inicio\/"},"modified":"2026-02-19T19:15:31","modified_gmt":"2026-02-19T18:15:31","slug":"inicio","status":"publish","type":"page","link":"http:\/\/hariadna.net\/eu\/","title":{"rendered":"Inicio"},"content":{"rendered":"<div class=\"et_pb_section_0 et_pb_section et_section_regular et_flex_section\">\n<div class=\"et_pb_row_0 et_pb_row et_flex_row\">\n<div class=\"et_pb_column_0 et_pb_column et-last-child et_flex_column et_pb_css_mix_blend_mode_passthrough et_flex_column_24_24 et_flex_column_24_24_tablet et_flex_column_24_24_phone\">\n<div class=\"et_pb_slider_0 et_pb_slider et_pb_slider_fullwidth_off et_pb_module et_flex_module\"><div class=\"et_pb_slides\">\n<div class=\"et_pb_slide_0 et_pb_slide et_pb_media_alignment_center et_pb_bg_layout_dark et_pb_module et_flex_module\" data-slide-id=\"divi\/slide-0\"><div class=\"et_pb_container\"><div class=\"et_pb_slider_container_inner\"><div class=\"et_pb_slide_description et_flex_module\"><h1 class=\"et_pb_slide_title\"><a href=\"http:\/\/hariadna.net\/hariadna\/\" target=\"\" class=\"et_pb_slide_title_link\">Experiencia en edici\u00f3n de libros<\/a><\/h1><div class=\"et_pb_slide_content\"><p>Durante m\u00e1s de veinte a\u00f1os, Editorial Hariadna ha sido un referente en la difusi\u00f3n cultural y la publicaci\u00f3n de obras que han dejado huella en nuestro entorno.<\/p>\n<\/div><div class=\"et_pb_button_wrapper\"><a class=\"et_pb_button et_pb_more_button\" href=\"http:\/\/hariadna.net\/hariadna\/\">\u00bfQuieres publicar un libro con nosotros?<\/a><\/div><\/div><\/div><\/div><\/div>\n\n<div class=\"et_pb_slide_1 et_pb_slide et_pb_media_alignment_center et_pb_bg_layout_dark et_pb_module et_flex_module\" data-slide-id=\"divi\/slide-1\"><div class=\"et_pb_container\"><div class=\"et_pb_slider_container_inner\"><div class=\"et_pb_slide_description et_flex_module\"><h1 class=\"et_pb_slide_title\"><a href=\"http:\/\/hariadna.net\/autoedicion\/\" target=\"\" class=\"et_pb_slide_title_link\">Nuevo servicio de autoedici\u00f3n de libros<\/a><\/h1><div class=\"et_pb_slide_content\"><p>Hoy, con toda esa experiencia acumulada, damos un paso adelante: abrimos una l\u00ednea de servicios de autoedici\u00f3n pensada para quienes sue\u00f1an con ver su obra publicada sin renunciar al control creativo ni a la calidad profesional.<\/p>\n<\/div><div class=\"et_pb_button_wrapper\"><a class=\"et_pb_button et_pb_more_button\" href=\"http:\/\/hariadna.net\/autoedicion\/\">conoce nuestro servicio de autoedici\u00f3n<\/a><\/div><\/div><\/div><\/div><\/div>\n<\/div><\/div>\n<\/div>\n<\/div>\n<\/div>\n\n<div class=\"et_pb_section_1 et_pb_section et_section_regular et_flex_section\">\n<div class=\"et_pb_row_1 et_pb_row et_flex_row\">\n<div class=\"et_pb_column_1 et_pb_column et-last-child et_flex_column et_pb_css_mix_blend_mode_passthrough et_flex_column_24_24 et_flex_column_24_24_tablet et_flex_column_24_24_phone\">\n<div class=\"et_pb_text_0 et_pb_text et_pb_bg_layout_light et_pb_module et_flex_module\"><div class=\"et_pb_text_inner\"><p style=\"text-align: center;\"><span>Somos una empresa independiente de\u00a0<\/span><span class=\"theme-underline-bold\">servicios culturales y educativos<\/span><span>\u00a0especializada en promoci\u00f3n y gesti\u00f3n cultural.<\/span><\/p>\n<\/div><\/div>\n<\/div>\n<\/div>\n<\/div>\n\n<div class=\"et_pb_section_2 et_pb_section et_section_regular et_flex_section servicios\">\n<div class=\"et_pb_row_2 et_pb_row et_flex_row\">\n<div class=\"et_pb_column_2 et_pb_column et_flex_column et_pb_css_mix_blend_mode_passthrough et_flex_column_12_24 et_flex_column_12_24_tablet et_flex_column_24_24_phone\">\n<div class=\"et_pb_text_1 et_pb_text et_pb_bg_layout_light et_pb_module et_flex_module\"><div class=\"et_pb_text_inner\"><h2>Edici\u00f3n de libros<\/h2>\n<p><span>Editorial de referencia en la edici\u00f3n de publicaciones de calidad por encargo y en colaboraci\u00f3n con empresas e instituciones.<\/span><\/p>\n<\/div><\/div>\n\n<div class=\"et_pb_module et_pb_button_module_wrapper et_pb_button_0_wrapper\"><a class=\"et_pb_button_0 et_pb_button et_pb_bg_layout_light et_pb_module et_flex_module\" href=\"http:\/\/hariadna.net\/hariadna\/\">+ edici\u00f3n de libros<\/a><\/div>\n<\/div>\n\n<div class=\"et_pb_column_3 et_pb_column et-last-child et_flex_column et_pb_css_mix_blend_mode_passthrough et_flex_column_12_24 et_flex_column_12_24_tablet et_flex_column_24_24_phone\">\n<div class=\"et_pb_text_2 et_pb_text et_pb_bg_layout_light et_pb_module et_flex_module\"><div class=\"et_pb_text_inner\"><h2>Autoedici\u00f3n<\/h2>\n<p><span>\u00bfSue\u00f1as con ver tu obra publicada sin renunciar al control creativo ni a la calidad profesional?<\/span><\/p>\n<\/div><\/div>\n\n<div class=\"et_pb_module et_pb_button_module_wrapper et_pb_button_1_wrapper\"><a class=\"et_pb_button_1 et_pb_button et_pb_bg_layout_light et_pb_module et_flex_module\" href=\"http:\/\/hariadna.net\/autoedicion\/\">+ autoedici\u00f3n<\/a><\/div>\n<\/div>\n<\/div>\n<\/div>\n\n<div class=\"et_pb_section_3 et_pb_section et_section_regular et_flex_section\">\n<div class=\"et_pb_row_3 et_pb_row et_flex_row\">\n<div class=\"et_pb_column_4 et_pb_column et-last-child et_flex_column et_pb_css_mix_blend_mode_passthrough et_flex_column_24_24 et_flex_column_24_24_tablet et_flex_column_24_24_phone\">\n<div class=\"et_pb_portfolio_0 et_pb_portfolio et_pb_bg_layout_light clearfix et_pb_module\"><div class=\"entry\">\n\t<h1 class=\"not-found-title\">No Results Found<\/h1>\n\t<p>The page you requested could not be found. Try refining your search, or use the navigation above to locate the post.<\/p>\n<\/div>\n<\/div>\n<\/div>\n<\/div>\n<\/div>","protected":false},"excerpt":{"rendered":"","protected":false},"author":1,"featured_media":0,"parent":0,"menu_order":1,"comment_status":"closed","ping_status":"closed","template":"","meta":{"footnotes":""},"class_list":["post-275","page","type-page","status-publish","hentry"],"_links":{"self":[{"href":"http:\/\/hariadna.net\/eu\/wp-json\/wp\/v2\/pages\/275","targetHints":{"allow":["GET"]}}],"collection":[{"href":"http:\/\/hariadna.net\/eu\/wp-json\/wp\/v2\/pages"}],"about":[{"href":"http:\/\/hariadna.net\/eu\/wp-json\/wp\/v2\/types\/page"}],"author":[{"embeddable":true,"href":"http:\/\/hariadna.net\/eu\/wp-json\/wp\/v2\/users\/1"}],"replies":[{"embeddable":true,"href":"http:\/\/hariadna.net\/eu\/wp-json\/wp\/v2\/comments?post=275"}],"version-history":[{"count":6,"href":"http:\/\/hariadna.net\/eu\/wp-json\/wp\/v2\/pages\/275\/revisions"}],"predecessor-version":[{"id":305,"href":"http:\/\/hariadna.net\/eu\/wp-json\/wp\/v2\/pages\/275\/revisions\/305"}],"wp:attachment":[{"href":"http:\/\/hariadna.net\/eu\/wp-json\/wp\/v2\/media?parent=275"}],"curies":[{"name":"wp","href":"https:\/\/api.w.org\/{rel}","templated":true}]}}