{"id":276,"date":"2026-01-27T13:28:52","date_gmt":"2026-01-27T12:28:52","guid":{"rendered":"http:\/\/hariadna.net\/hariadna\/"},"modified":"2026-02-19T18:15:35","modified_gmt":"2026-02-19T17:15:35","slug":"hariadna","status":"publish","type":"page","link":"http:\/\/hariadna.net\/eu\/hariadna\/","title":{"rendered":"Hariadna"},"content":{"rendered":"<div class=\"et_pb_section_0 et_pb_section et_section_regular et_block_section cabecera\">\n<div class=\"et_pb_row_0 et_pb_row et_block_row\">\n<div class=\"et_pb_column_0 et_pb_column et_pb_column_4_4 et-last-child et_block_column et_pb_css_mix_blend_mode_passthrough\">\n<div class=\"et_pb_heading_0 et_pb_heading et_pb_module et_flex_module\"><div class=\"et_pb_heading_container\"><h1 class=\"et_pb_module_header\">EDITORIAL HARIADNA<\/h1><\/div><\/div>\n<\/div>\n<\/div>\n<\/div>\n\n<div class=\"et_pb_section_1 et_pb_section et_section_regular et_block_section\">\n<div class=\"et_pb_row_1 et_pb_row et_flex_row\">\n<div class=\"et_pb_column_1 et_pb_column et_flex_column et_pb_css_mix_blend_mode_passthrough et_flex_column_12_24 et_flex_column_12_24_tablet et_flex_column_24_24_phone\">\n<div class=\"et_pb_text_0 et_pb_text et_pb_bg_layout_light et_pb_module et_flex_module\"><div class=\"et_pb_text_inner\"><p>HARIADNA se ha consolidado como una editorial de referencia en la edici\u00f3n de publicaciones de calidad por encargo y en colaboraci\u00f3n con empresas e instituciones.<\/p>\n<p style=\"text-align: left;\">El objetivo de su cat\u00e1logo es valorar el libro como espacio de experiencias capaces de desarrollar la sensibilidad cultural y social de los\/as lectores\/as, a trav\u00e9s de ediciones cient\u00edficamente rigurosas pero accesibles y amenas para el p\u00fablico general.<\/p>\n<\/div><\/div>\n<\/div>\n\n<div class=\"et_pb_column_2 et_pb_column et-last-child et_flex_column et_pb_css_mix_blend_mode_passthrough et_flex_column_12_24 et_flex_column_12_24_tablet et_flex_column_24_24_phone\">\n<div class=\"et_pb_text_1 et_pb_text et_pb_bg_layout_light et_pb_module et_flex_module\"><div class=\"et_pb_text_inner\"><h2>Nuestra nueva etapa<\/h2>\n<p>Hoy, con toda esa experiencia acumulada, damos un paso adelante: <strong>abrimos una l\u00ednea de servicios de autoedici\u00f3n<\/strong> pensada para quienes sue\u00f1an con ver su obra publicada sin renunciar al control creativo ni a la calidad profesional.<\/p>\n<\/div><\/div>\n\n<div class=\"et_pb_module et_pb_button_module_wrapper et_pb_button_0_wrapper\"><a class=\"et_pb_button_0 et_pb_button et_pb_bg_layout_light et_pb_module et_flex_module\" href=\"http:\/\/hariadna.net\/autoedicion\/\">\u00bfquieres publicar tu libro?<\/a><\/div>\n<\/div>\n<\/div>\n<\/div>\n\n<div class=\"et_pb_section_2 et_pb_section et_section_regular et_flex_section\">\n<div class=\"et_pb_row_2 et_pb_row et_flex_row\">\n<div class=\"et_pb_column_3 et_pb_column et-last-child et_flex_column et_pb_css_mix_blend_mode_passthrough et_flex_column_24_24 et_flex_column_24_24_tablet et_flex_column_24_24_phone\">\n<div class=\"et_pb_filterable_portfolio_0 et_pb_filterable_portfolio et_pb_bg_layout_light et_pb_portfolio et_pb_module\" data-posts-number=\"20\"><div class=\"entry\">\n\t<h1 class=\"not-found-title\">No Results Found<\/h1>\n\t<p>The page you requested could not be found. Try refining your search, or use the navigation above to locate the post.<\/p>\n<\/div>\n<\/div>\n<\/div>\n<\/div>\n<\/div>","protected":false},"excerpt":{"rendered":"","protected":false},"author":1,"featured_media":0,"parent":0,"menu_order":2,"comment_status":"closed","ping_status":"closed","template":"","meta":{"footnotes":""},"class_list":["post-276","page","type-page","status-publish","hentry"],"_links":{"self":[{"href":"http:\/\/hariadna.net\/eu\/wp-json\/wp\/v2\/pages\/276","targetHints":{"allow":["GET"]}}],"collection":[{"href":"http:\/\/hariadna.net\/eu\/wp-json\/wp\/v2\/pages"}],"about":[{"href":"http:\/\/hariadna.net\/eu\/wp-json\/wp\/v2\/types\/page"}],"author":[{"embeddable":true,"href":"http:\/\/hariadna.net\/eu\/wp-json\/wp\/v2\/users\/1"}],"replies":[{"embeddable":true,"href":"http:\/\/hariadna.net\/eu\/wp-json\/wp\/v2\/comments?post=276"}],"version-history":[{"count":2,"href":"http:\/\/hariadna.net\/eu\/wp-json\/wp\/v2\/pages\/276\/revisions"}],"predecessor-version":[{"id":300,"href":"http:\/\/hariadna.net\/eu\/wp-json\/wp\/v2\/pages\/276\/revisions\/300"}],"wp:attachment":[{"href":"http:\/\/hariadna.net\/eu\/wp-json\/wp\/v2\/media?parent=276"}],"curies":[{"name":"wp","href":"https:\/\/api.w.org\/{rel}","templated":true}]}}